{"id":3051,"date":"2024-11-28T02:33:35","date_gmt":"2024-11-28T02:33:35","guid":{"rendered":"https:\/\/eu-staging.swapfood.com\/swap-foods\/"},"modified":"2025-02-13T17:42:40","modified_gmt":"2025-02-13T17:42:40","slug":"swap-foods","status":"publish","type":"page","link":"https:\/\/eu-staging.swapfood.com\/de\/","title":{"rendered":"Home"},"content":{"rendered":"\t\t<div data-elementor-type=\"wp-page\" data-elementor-id=\"3051\" class=\"elementor elementor-3051 elementor-11\" data-elementor-post-type=\"page\">\n\t\t\t\t<div class=\"elementor-element elementor-element-2bf8e07 e-con-full e-flex e-con e-parent\" data-id=\"2bf8e07\" data-element_type=\"container\" data-e-type=\"container\" data-settings=\"{&quot;background_background&quot;:&quot;video&quot;,&quot;background_video_link&quot;:&quot;https:\\\/\\\/eu-staging.swapfood.com\\\/wp-content\\\/uploads\\\/2024\\\/12\\\/swap___homepage_edit-720p.webm&quot;,&quot;background_play_on_mobile&quot;:&quot;yes&quot;}\">\n\t\t<div class=\"elementor-background-video-container\">\n\t\t\t\t\t\t\t<video class=\"elementor-background-video-hosted\" role=\"presentation\" autoplay muted playsinline loop><\/video>\n\t\t\t\t\t<\/div>\t\t<div class=\"elementor-element elementor-element-5e8a6bc elementor-invisible elementor-widget elementor-widget-heading\" data-id=\"5e8a6bc\" data-element_type=\"widget\" data-e-type=\"widget\" data-settings=\"{&quot;_animation&quot;:&quot;fadeInUp&quot;}\" data-widget_type=\"heading.default\">\n\t\t\t\t<div class=\"elementor-widget-container\">\n\t\t\t\t\t<h1 class=\"elementor-heading-title elementor-size-default\">Eine neue Art von Filet.<\/h1>\t\t\t\t<\/div>\n\t\t\t\t<\/div>\n\t\t\t\t<div class=\"elementor-element elementor-element-fb1213e elementor-widget elementor-widget-heading\" data-id=\"fb1213e\" data-element_type=\"widget\" data-e-type=\"widget\" data-widget_type=\"heading.default\">\n\t\t\t\t<div class=\"elementor-widget-container\">\n\t\t\t\t\t<h2 class=\"elementor-heading-title elementor-size-default\">Lernen Sie das knusprige, saftige ganze Filet aus Pflanzen kennen.\n<\/h2>\t\t\t\t<\/div>\n\t\t\t\t<\/div>\n\t\t\t\t<div class=\"elementor-element elementor-element-739df45 elementor-align-center elementor-widget elementor-widget-button\" data-id=\"739df45\" data-element_type=\"widget\" data-e-type=\"widget\" data-widget_type=\"button.default\">\n\t\t\t\t<div class=\"elementor-widget-container\">\n\t\t\t\t\t\t\t\t\t<div class=\"elementor-button-wrapper\">\n\t\t\t\t\t<a class=\"elementor-button elementor-button-link elementor-size-sm\" href=\"https:\/\/eu-staging.swapfood.com\/de\/find-swap\/\">\n\t\t\t\t\t\t<span class=\"elementor-button-content-wrapper\">\n\t\t\t\t\t\t\t\t\t<span class=\"elementor-button-text\">SWAP FINDEN<\/span>\n\t\t\t\t\t<\/span>\n\t\t\t\t\t<\/a>\n\t\t\t\t<\/div>\n\t\t\t\t\t\t\t\t<\/div>\n\t\t\t\t<\/div>\n\t\t\t\t<\/div>\n\t\t<div class=\"elementor-element elementor-element-be9b88f e-flex e-con-boxed e-con e-parent\" data-id=\"be9b88f\" data-element_type=\"container\" data-e-type=\"container\" data-settings=\"{&quot;background_background&quot;:&quot;classic&quot;}\">\n\t\t\t\t\t<div class=\"e-con-inner\">\n\t\t\t\t<div class=\"elementor-element elementor-element-6d8a4ef elementor-widget elementor-widget-heading\" data-id=\"6d8a4ef\" data-element_type=\"widget\" data-e-type=\"widget\" data-widget_type=\"heading.default\">\n\t\t\t\t<div class=\"elementor-widget-container\">\n\t\t\t\t\t<h2 class=\"elementor-heading-title elementor-size-default\">Ein kulinarisches Erlebnis, das jeder lieben wird.<\/h2>\t\t\t\t<\/div>\n\t\t\t\t<\/div>\n\t\t\t\t<div class=\"elementor-element elementor-element-a7e74fe elementor-widget-mobile__width-inherit elementor-widget elementor-widget-heading\" data-id=\"a7e74fe\" data-element_type=\"widget\" data-e-type=\"widget\" data-widget_type=\"heading.default\">\n\t\t\t\t<div class=\"elementor-widget-container\">\n\t\t\t\t\t<h2 class=\"elementor-heading-title elementor-size-default\">20 g Protein. 7 Zutaten. 100 % Genuss.<\/h2>\t\t\t\t<\/div>\n\t\t\t\t<\/div>\n\t\t\t\t\t<\/div>\n\t\t\t\t<\/div>\n\t\t<div class=\"elementor-element elementor-element-a82d4e9 e-con-full e-flex e-con e-parent\" data-id=\"a82d4e9\" data-element_type=\"container\" data-e-type=\"container\">\n\t\t\t\t<div class=\"elementor-element elementor-element-a307ed2 elementor-widget elementor-widget-image\" data-id=\"a307ed2\" data-element_type=\"widget\" data-e-type=\"widget\" data-widget_type=\"image.default\">\n\t\t\t\t<div class=\"elementor-widget-container\">\n\t\t\t\t\t\t\t\t\t\t\t\t\t\t\t<img fetchpriority=\"high\" decoding=\"async\" width=\"882\" height=\"1024\" src=\"https:\/\/eu-staging.swapfood.com\/wp-content\/uploads\/2024\/12\/SWAP_Filet_Homepage-882x1024.jpg\" class=\"attachment-large size-large wp-image-221\" alt=\"\" srcset=\"https:\/\/eu-staging.swapfood.com\/wp-content\/uploads\/2024\/12\/SWAP_Filet_Homepage-882x1024.jpg 882w, https:\/\/eu-staging.swapfood.com\/wp-content\/uploads\/2024\/12\/SWAP_Filet_Homepage-258x300.jpg 258w, https:\/\/eu-staging.swapfood.com\/wp-content\/uploads\/2024\/12\/SWAP_Filet_Homepage-768x892.jpg 768w, https:\/\/eu-staging.swapfood.com\/wp-content\/uploads\/2024\/12\/SWAP_Filet_Homepage-1323x1536.jpg 1323w, https:\/\/eu-staging.swapfood.com\/wp-content\/uploads\/2024\/12\/SWAP_Filet_Homepage.jpg 1576w\" sizes=\"(max-width: 882px) 100vw, 882px\" \/>\t\t\t\t\t\t\t\t\t\t\t\t\t\t\t<\/div>\n\t\t\t\t<\/div>\n\t\t<div class=\"elementor-element elementor-element-8c22eba e-con-full e-flex e-con e-child\" data-id=\"8c22eba\" data-element_type=\"container\" data-e-type=\"container\" data-settings=\"{&quot;background_background&quot;:&quot;classic&quot;}\">\n\t\t\t\t<div class=\"elementor-element elementor-element-c3a0915 elementor-widget elementor-widget-html\" data-id=\"c3a0915\" data-element_type=\"widget\" data-e-type=\"widget\" data-widget_type=\"html.default\">\n\t\t\t\t<div class=\"elementor-widget-container\">\n\t\t\t\t\t    <div class=\"scroll-container\">\n        <div class=\"ticker\">\n            <span>\n                 <h2 style=\"text-rendering: auto;\"> <i class=\"fa-solid fa-heart\"><\/i> &nbsp;&nbsp;&nbsp; Swap Filet. &nbsp;&nbsp;&nbsp;<i class=\"fa-solid fa-heart\"><\/i> &nbsp;&nbsp;&nbsp;Swap Filet. &nbsp;&nbsp;&nbsp;<i class=\"fa-solid fa-heart\"><\/i> &nbsp;&nbsp;&nbsp;Swap Filet. &nbsp;&nbsp;&nbsp;<i class=\"fa-solid fa-heart\"><\/i> &nbsp;&nbsp;&nbsp;Swap Filet. &nbsp;&nbsp;&nbsp;<i class=\"fa-solid fa-heart\"><\/i> &nbsp;&nbsp;&nbsp;Swap Filet. &nbsp;&nbsp;&nbsp;<i class=\"fa-solid fa-heart\"><\/i> &nbsp;&nbsp;&nbsp;Swap Filet. &nbsp;&nbsp;&nbsp;<i class=\"fa-solid fa-heart\"><\/i> &nbsp;&nbsp;&nbsp; <\/h2>\n            <\/span><span>\n                <h2> Swap Filet. &nbsp;&nbsp;&nbsp;<i class=\"fa-solid fa-heart\"><\/i> &nbsp;&nbsp;&nbsp; Swap Filet. &nbsp;&nbsp;&nbsp;<i class=\"fa-solid fa-heart\"><\/i> &nbsp;&nbsp;&nbsp;Swap Filet. &nbsp;&nbsp;&nbsp;<i class=\"fa-solid fa-heart\"><\/i> &nbsp;&nbsp;&nbsp;Swap Filet. &nbsp;&nbsp;&nbsp;<i class=\"fa-solid fa-heart\"><\/i> &nbsp;&nbsp;&nbsp;Swap Filet. &nbsp;&nbsp;&nbsp;<i class=\"fa-solid fa-heart\"><\/i> &nbsp;&nbsp;&nbsp;Swap Filet. &nbsp;&nbsp;&nbsp;<i class=\"fa-solid fa-heart\"><\/i> &nbsp;&nbsp;&nbsp;Swap Filet. &nbsp;&nbsp;&nbsp;<i class=\"fa-solid fa-heart\"><\/i> &nbsp;&nbsp;&nbsp;<\/h2>\n            <\/span>\n        <\/div>\n    <\/div>\n    <style>\n        .scroll-container {\n            width: 100%;\n            overflow: hidden;\n        }\n\n        .ticker {\n            white-space: nowrap;\n            animation: scroll 60s linear infinite;\n            display: inline-block;\n        }\n\n        @keyframes scroll {\n            0% {\n                transform: translate(0, 0);\n            }\n            100% {\n                transform: translate(-50%, 0);\n            }\n        }\n\n        .ticker h2 {\n            margin: 0;\n            padding: 20px 0;\n            display: inline-block;\n    font-weight: 600;\n    text-transform: uppercase;\n    font-size: 30px;\n        }\n\n        .ticker span {\n            display: inline-block;\n            padding-right: 50px;\n        }\n    <\/style>\t\t\t\t<\/div>\n\t\t\t\t<\/div>\n\t\t\t\t<\/div>\n\t\t\t\t<\/div>\n\t\t<div class=\"elementor-element elementor-element-bff7f01 e-flex e-con-boxed e-con e-parent\" data-id=\"bff7f01\" data-element_type=\"container\" data-e-type=\"container\" data-settings=\"{&quot;background_background&quot;:&quot;classic&quot;}\">\n\t\t\t\t\t<div class=\"e-con-inner\">\n\t\t<div class=\"elementor-element elementor-element-7bcbc62 e-con-full e-flex e-con e-child\" data-id=\"7bcbc62\" data-element_type=\"container\" data-e-type=\"container\">\n\t\t\t\t<div class=\"elementor-element elementor-element-ab0283c elementor-widget elementor-widget-heading\" data-id=\"ab0283c\" data-element_type=\"widget\" data-e-type=\"widget\" data-widget_type=\"heading.default\">\n\t\t\t\t<div class=\"elementor-widget-container\">\n\t\t\t\t\t<h3 class=\"elementor-heading-title elementor-size-default\">Nur 7 Zutaten<\/h3>\t\t\t\t<\/div>\n\t\t\t\t<\/div>\n\t\t\t\t<div class=\"elementor-element elementor-element-8f80335 elementor-widget elementor-widget-text-editor\" data-id=\"8f80335\" data-element_type=\"widget\" data-e-type=\"widget\" data-widget_type=\"text-editor.default\">\n\t\t\t\t<div class=\"elementor-widget-container\">\n\t\t\t\t\t\t\t\t\t<p>Wasser, Sojaprotein, Sonnenblumen\u00f6l, nat\u00fcrliche Aromen, Erbsenproteinmehl, Citronens\u00e4ure, Salz.\u00a0\u00a0<\/p>\t\t\t\t\t\t\t\t<\/div>\n\t\t\t\t<\/div>\n\t\t\t\t<div class=\"elementor-element elementor-element-a9c95b1 elementor-align-left elementor-widget elementor-widget-button\" data-id=\"a9c95b1\" data-element_type=\"widget\" data-e-type=\"widget\" data-widget_type=\"button.default\">\n\t\t\t\t<div class=\"elementor-widget-container\">\n\t\t\t\t\t\t\t\t\t<div class=\"elementor-button-wrapper\">\n\t\t\t\t\t<a class=\"elementor-button elementor-button-link elementor-size-sm\" href=\"https:\/\/eu-staging.swapfood.com\/product\/\">\n\t\t\t\t\t\t<span class=\"elementor-button-content-wrapper\">\n\t\t\t\t\t\t\t\t\t<span class=\"elementor-button-text\">MEHR ERFAHREN<\/span>\n\t\t\t\t\t<\/span>\n\t\t\t\t\t<\/a>\n\t\t\t\t<\/div>\n\t\t\t\t\t\t\t\t<\/div>\n\t\t\t\t<\/div>\n\t\t\t\t<\/div>\n\t\t<div class=\"elementor-element elementor-element-965a77c e-con-full e-flex e-con e-child\" data-id=\"965a77c\" data-element_type=\"container\" data-e-type=\"container\">\n\t\t\t\t<div class=\"elementor-element elementor-element-0b7b3ce elementor-widget elementor-widget-image\" data-id=\"0b7b3ce\" data-element_type=\"widget\" data-e-type=\"widget\" data-widget_type=\"image.default\">\n\t\t\t\t<div class=\"elementor-widget-container\">\n\t\t\t\t\t\t\t\t\t\t\t\t\t\t\t<img decoding=\"async\" width=\"1080\" height=\"1080\" src=\"https:\/\/eu-staging.swapfood.com\/wp-content\/uploads\/2024\/12\/Natural_Ingredients.webp\" class=\"attachment-full size-full wp-image-95\" alt=\"\" srcset=\"https:\/\/eu-staging.swapfood.com\/wp-content\/uploads\/2024\/12\/Natural_Ingredients.webp 1080w, https:\/\/eu-staging.swapfood.com\/wp-content\/uploads\/2024\/12\/Natural_Ingredients-300x300.webp 300w, https:\/\/eu-staging.swapfood.com\/wp-content\/uploads\/2024\/12\/Natural_Ingredients-1024x1024.webp 1024w, https:\/\/eu-staging.swapfood.com\/wp-content\/uploads\/2024\/12\/Natural_Ingredients-150x150.webp 150w, https:\/\/eu-staging.swapfood.com\/wp-content\/uploads\/2024\/12\/Natural_Ingredients-768x768.webp 768w\" sizes=\"(max-width: 1080px) 100vw, 1080px\" \/>\t\t\t\t\t\t\t\t\t\t\t\t\t\t\t<\/div>\n\t\t\t\t<\/div>\n\t\t\t\t<\/div>\n\t\t\t\t\t<\/div>\n\t\t\t\t<\/div>\n\t\t<div class=\"elementor-element elementor-element-4ee289f e-flex e-con-boxed e-con e-parent\" data-id=\"4ee289f\" data-element_type=\"container\" data-e-type=\"container\" data-settings=\"{&quot;background_background&quot;:&quot;classic&quot;}\">\n\t\t\t\t\t<div class=\"e-con-inner\">\n\t\t\t\t<div class=\"elementor-element elementor-element-a8caedd elementor-widget elementor-widget-heading\" data-id=\"a8caedd\" data-element_type=\"widget\" data-e-type=\"widget\" data-widget_type=\"heading.default\">\n\t\t\t\t<div class=\"elementor-widget-container\">\n\t\t\t\t\t<h2 class=\"elementor-heading-title elementor-size-default\">SWAP Filet<\/h2>\t\t\t\t<\/div>\n\t\t\t\t<\/div>\n\t\t\t\t<div class=\"elementor-element elementor-element-3d319bb elementor-widget-mobile__width-inherit elementor-widget elementor-widget-heading\" data-id=\"3d319bb\" data-element_type=\"widget\" data-e-type=\"widget\" data-widget_type=\"heading.default\">\n\t\t\t\t<div class=\"elementor-widget-container\">\n\t\t\t\t\t<h2 class=\"elementor-heading-title elementor-size-default\">Jedes Men\u00fc. Jedes Rezept. Jederzeit.<\/h2>\t\t\t\t<\/div>\n\t\t\t\t<\/div>\n\t\t\t\t\t<\/div>\n\t\t\t\t<\/div>\n\t\t<div class=\"elementor-element elementor-element-49bd2ed e-con-full e-flex e-con e-parent\" data-id=\"49bd2ed\" data-element_type=\"container\" data-e-type=\"container\" data-settings=\"{&quot;background_background&quot;:&quot;classic&quot;}\">\n\t\t<div class=\"elementor-element elementor-element-d30d085 e-grid e-con-full e-con e-child\" data-id=\"d30d085\" data-element_type=\"container\" data-e-type=\"container\">\n\t\t\t\t<div class=\"elementor-element elementor-element-866188b elementor-position-top elementor-widget elementor-widget-image-box\" data-id=\"866188b\" data-element_type=\"widget\" data-e-type=\"widget\" data-widget_type=\"image-box.default\">\n\t\t\t\t<div class=\"elementor-widget-container\">\n\t\t\t\t\t<div class=\"elementor-image-box-wrapper\"><figure class=\"elementor-image-box-img\"><img decoding=\"async\" width=\"2160\" height=\"2160\" src=\"https:\/\/eu-staging.swapfood.com\/wp-content\/uploads\/2025\/01\/chicken_plate.jpg\" class=\"attachment-full size-full wp-image-1571\" alt=\"\" srcset=\"https:\/\/eu-staging.swapfood.com\/wp-content\/uploads\/2025\/01\/chicken_plate.jpg 2160w, https:\/\/eu-staging.swapfood.com\/wp-content\/uploads\/2025\/01\/chicken_plate-300x300.jpg 300w, https:\/\/eu-staging.swapfood.com\/wp-content\/uploads\/2025\/01\/chicken_plate-1024x1024.jpg 1024w, https:\/\/eu-staging.swapfood.com\/wp-content\/uploads\/2025\/01\/chicken_plate-150x150.jpg 150w, https:\/\/eu-staging.swapfood.com\/wp-content\/uploads\/2025\/01\/chicken_plate-768x768.jpg 768w, https:\/\/eu-staging.swapfood.com\/wp-content\/uploads\/2025\/01\/chicken_plate-1536x1536.jpg 1536w, https:\/\/eu-staging.swapfood.com\/wp-content\/uploads\/2025\/01\/chicken_plate-2048x2048.jpg 2048w, https:\/\/eu-staging.swapfood.com\/wp-content\/uploads\/2025\/01\/chicken_plate-700x700.jpg 700w, https:\/\/eu-staging.swapfood.com\/wp-content\/uploads\/2025\/01\/chicken_plate-400x400.jpg 400w, https:\/\/eu-staging.swapfood.com\/wp-content\/uploads\/2025\/01\/chicken_plate-600x600.jpg 600w\" sizes=\"(max-width: 2160px) 100vw, 2160px\" \/><\/figure><div class=\"elementor-image-box-content\"><h3 class=\"elementor-image-box-title\">SWAP ein klassisches Hauptgericht.<\/h3><\/div><\/div>\t\t\t\t<\/div>\n\t\t\t\t<\/div>\n\t\t\t\t<div class=\"elementor-element elementor-element-1fb5bff elementor-position-top elementor-widget elementor-widget-image-box\" data-id=\"1fb5bff\" data-element_type=\"widget\" data-e-type=\"widget\" data-widget_type=\"image-box.default\">\n\t\t\t\t<div class=\"elementor-widget-container\">\n\t\t\t\t\t<div class=\"elementor-image-box-wrapper\"><figure class=\"elementor-image-box-img\"><img loading=\"lazy\" decoding=\"async\" width=\"770\" height=\"770\" src=\"https:\/\/eu-staging.swapfood.com\/wp-content\/uploads\/2024\/12\/2_7643282c-601d-47a2-980d-bb5334dd54b4.png\" class=\"attachment-full size-full wp-image-96\" alt=\"SWAP Chicken vegan breaded filet sandwich\" srcset=\"https:\/\/eu-staging.swapfood.com\/wp-content\/uploads\/2024\/12\/2_7643282c-601d-47a2-980d-bb5334dd54b4.png 770w, https:\/\/eu-staging.swapfood.com\/wp-content\/uploads\/2024\/12\/2_7643282c-601d-47a2-980d-bb5334dd54b4-300x300.png 300w, https:\/\/eu-staging.swapfood.com\/wp-content\/uploads\/2024\/12\/2_7643282c-601d-47a2-980d-bb5334dd54b4-150x150.png 150w, https:\/\/eu-staging.swapfood.com\/wp-content\/uploads\/2024\/12\/2_7643282c-601d-47a2-980d-bb5334dd54b4-768x768.png 768w\" sizes=\"(max-width: 770px) 100vw, 770px\" \/><\/figure><div class=\"elementor-image-box-content\"><h3 class=\"elementor-image-box-title\">SWAP ein Sandwich oder Burger.<\/h3><\/div><\/div>\t\t\t\t<\/div>\n\t\t\t\t<\/div>\n\t\t\t\t<div class=\"elementor-element elementor-element-270040e elementor-position-top elementor-widget elementor-widget-image-box\" data-id=\"270040e\" data-element_type=\"widget\" data-e-type=\"widget\" data-widget_type=\"image-box.default\">\n\t\t\t\t<div class=\"elementor-widget-container\">\n\t\t\t\t\t<div class=\"elementor-image-box-wrapper\"><figure class=\"elementor-image-box-img\"><img loading=\"lazy\" decoding=\"async\" width=\"1080\" height=\"1080\" src=\"https:\/\/eu-staging.swapfood.com\/wp-content\/uploads\/2024\/12\/SWAP_vegan_chicken_ceasar_salad.jpg\" class=\"attachment-full size-full wp-image-97\" alt=\"SWAP_vegan_chicken_ceasar_salad\" srcset=\"https:\/\/eu-staging.swapfood.com\/wp-content\/uploads\/2024\/12\/SWAP_vegan_chicken_ceasar_salad.jpg 1080w, https:\/\/eu-staging.swapfood.com\/wp-content\/uploads\/2024\/12\/SWAP_vegan_chicken_ceasar_salad-300x300.jpg 300w, https:\/\/eu-staging.swapfood.com\/wp-content\/uploads\/2024\/12\/SWAP_vegan_chicken_ceasar_salad-1024x1024.jpg 1024w, https:\/\/eu-staging.swapfood.com\/wp-content\/uploads\/2024\/12\/SWAP_vegan_chicken_ceasar_salad-150x150.jpg 150w, https:\/\/eu-staging.swapfood.com\/wp-content\/uploads\/2024\/12\/SWAP_vegan_chicken_ceasar_salad-768x768.jpg 768w\" sizes=\"(max-width: 1080px) 100vw, 1080px\" \/><\/figure><div class=\"elementor-image-box-content\"><h3 class=\"elementor-image-box-title\">SWAP Ihr Lieblingssalat.<\/h3><\/div><\/div>\t\t\t\t<\/div>\n\t\t\t\t<\/div>\n\t\t\t\t<\/div>\n\t\t\t\t<\/div>\n\t\t<div class=\"elementor-element elementor-element-11894f7 e-flex e-con-boxed e-con e-parent\" data-id=\"11894f7\" data-element_type=\"container\" data-e-type=\"container\" data-settings=\"{&quot;background_background&quot;:&quot;classic&quot;}\">\n\t\t\t\t\t<div class=\"e-con-inner\">\n\t\t\t\t<div class=\"elementor-element elementor-element-cb9e12c elementor-widget elementor-widget-heading\" data-id=\"cb9e12c\" data-element_type=\"widget\" data-e-type=\"widget\" data-widget_type=\"heading.default\">\n\t\t\t\t<div class=\"elementor-widget-container\">\n\t\t\t\t\t<h2 class=\"elementor-heading-title elementor-size-default\">Leicht zuzubereiten.<\/h2>\t\t\t\t<\/div>\n\t\t\t\t<\/div>\n\t\t\t\t<div class=\"elementor-element elementor-element-f3680a5 elementor-widget-mobile__width-inherit elementor-widget elementor-widget-heading\" data-id=\"f3680a5\" data-element_type=\"widget\" data-e-type=\"widget\" data-widget_type=\"heading.default\">\n\t\t\t\t<div class=\"elementor-widget-container\">\n\t\t\t\t\t<h2 class=\"elementor-heading-title elementor-size-default\">Nur 4 Minuten auf jeder Seite f\u00fcr ein perfekt zartes Filet.<\/h2>\t\t\t\t<\/div>\n\t\t\t\t<\/div>\n\t\t\t\t\t<\/div>\n\t\t\t\t<\/div>\n\t\t<div class=\"elementor-element elementor-element-0baa784 e-con-full elementor-hidden-desktop e-flex e-con e-parent\" data-id=\"0baa784\" data-element_type=\"container\" data-e-type=\"container\" data-settings=\"{&quot;background_background&quot;:&quot;video&quot;,&quot;background_video_link&quot;:&quot;https:\\\/\\\/eu-staging.swapfood.com\\\/wp-content\\\/uploads\\\/2024\\\/12\\\/c1c6ae27c4894237a4a511a1a7c29aac.SD-480p-1.5Mbps-36239463-1.mp4&quot;,&quot;background_play_on_mobile&quot;:&quot;yes&quot;}\">\n\t\t<div class=\"elementor-background-video-container\">\n\t\t\t\t\t\t\t<video class=\"elementor-background-video-hosted\" role=\"presentation\" autoplay muted playsinline loop><\/video>\n\t\t\t\t\t<\/div>\t\t<\/div>\n\t\t<div class=\"elementor-element elementor-element-dce9c07 e-con-full elementor-hidden-mobile e-flex e-con e-parent\" data-id=\"dce9c07\" data-element_type=\"container\" data-e-type=\"container\">\n\t\t\t\t<div class=\"elementor-element elementor-element-faeae8e elementor-widget__width-inherit elementor-widget elementor-widget-video\" data-id=\"faeae8e\" data-element_type=\"widget\" data-e-type=\"widget\" data-settings=\"{&quot;video_type&quot;:&quot;hosted&quot;,&quot;autoplay&quot;:&quot;yes&quot;,&quot;play_on_mobile&quot;:&quot;yes&quot;,&quot;mute&quot;:&quot;yes&quot;,&quot;loop&quot;:&quot;yes&quot;}\" data-widget_type=\"video.default\">\n\t\t\t\t<div class=\"elementor-widget-container\">\n\t\t\t\t\t\t\t<div class=\"e-hosted-video elementor-wrapper elementor-open-inline\">\n\t\t\t\t\t<video class=\"elementor-video\" src=\"https:\/\/eu-staging.swapfood.com\/wp-content\/uploads\/2024\/12\/SWAP-Chicken-filets-video.webmhd.webm\" autoplay=\"\" loop=\"\" muted=\"muted\" playsinline=\"\" controlsList=\"nodownload\"><\/video>\n\t\t\t\t<\/div>\n\t\t\t\t\t\t<\/div>\n\t\t\t\t<\/div>\n\t\t\t\t<\/div>\n\t\t<div class=\"elementor-element elementor-element-4eeab6f e-flex e-con-boxed e-con e-parent\" data-id=\"4eeab6f\" data-element_type=\"container\" data-e-type=\"container\">\n\t\t\t\t\t<div class=\"e-con-inner\">\n\t\t\t\t<div class=\"elementor-element elementor-element-3db265d elementor-widget elementor-widget-text-editor\" data-id=\"3db265d\" data-element_type=\"widget\" data-e-type=\"widget\" data-widget_type=\"text-editor.default\">\n\t\t\t\t<div class=\"elementor-widget-container\">\n\t\t\t\t\t\t\t\t\t<img loading=\"lazy\" decoding=\"async\" class=\"alignnone wp-image-98 size-full\" src=\"https:\/\/eu-staging.swapfood.com\/wp-content\/uploads\/2025\/02\/GIFMaker_me_13.gif\" alt=\"\" width=\"1200\" height=\"674\" \/>\t\t\t\t\t\t\t\t<\/div>\n\t\t\t\t<\/div>\n\t\t\t\t\t<\/div>\n\t\t\t\t<\/div>\n\t\t<div class=\"elementor-element elementor-element-784f214 e-flex e-con-boxed e-con e-parent\" data-id=\"784f214\" data-element_type=\"container\" data-e-type=\"container\">\n\t\t\t\t\t<div class=\"e-con-inner\">\n\t\t\t\t<div class=\"elementor-element elementor-element-06d2a48 elementor-widget elementor-widget-heading\" data-id=\"06d2a48\" data-element_type=\"widget\" data-e-type=\"widget\" data-widget_type=\"heading.default\">\n\t\t\t\t<div class=\"elementor-widget-container\">\n\t\t\t\t\t<h2 class=\"elementor-heading-title elementor-size-default\">BEREIT F\u00dcR SWAP?<\/h2>\t\t\t\t<\/div>\n\t\t\t\t<\/div>\n\t\t\t\t<div class=\"elementor-element elementor-element-82cfdbe elementor-align-center elementor-widget elementor-widget-button\" data-id=\"82cfdbe\" data-element_type=\"widget\" data-e-type=\"widget\" data-widget_type=\"button.default\">\n\t\t\t\t<div class=\"elementor-widget-container\">\n\t\t\t\t\t\t\t\t\t<div class=\"elementor-button-wrapper\">\n\t\t\t\t\t<a class=\"elementor-button elementor-button-link elementor-size-sm\" href=\"https:\/\/eu-staging.swapfood.com\/de\/find-swap\/\">\n\t\t\t\t\t\t<span class=\"elementor-button-content-wrapper\">\n\t\t\t\t\t\t\t\t\t<span class=\"elementor-button-text\">SWAP FINDEN<\/span>\n\t\t\t\t\t<\/span>\n\t\t\t\t\t<\/a>\n\t\t\t\t<\/div>\n\t\t\t\t\t\t\t\t<\/div>\n\t\t\t\t<\/div>\n\t\t\t\t\t<\/div>\n\t\t\t\t<\/div>\n\t\t\t\t<\/div>\n\t\t","protected":false},"excerpt":{"rendered":"<p>Eine neue Art von Filet. Lernen Sie das knusprige, saftige ganze Filet aus Pflanzen kennen. SWAP FINDEN Ein kulinarisches Erlebnis, [&hellip;]<\/p>\n","protected":false},"author":1,"featured_media":0,"parent":0,"menu_order":0,"comment_status":"closed","ping_status":"closed","template":"elementor_header_footer","meta":{"_acf_changed":false,"site-sidebar-layout":"no-sidebar","site-content-layout":"","ast-site-content-layout":"full-width-container","site-content-style":"default","site-sidebar-style":"default","ast-global-header-display":"","ast-banner-title-visibility":"","ast-main-header-display":"","ast-hfb-above-header-display":"","ast-hfb-below-header-display":"","ast-hfb-mobile-header-display":"","site-post-title":"disabled","ast-breadcrumbs-content":"","ast-featured-img":"disabled","footer-sml-layout":"","ast-disable-related-posts":"","theme-transparent-header-meta":"","adv-header-id-meta":"","stick-header-meta":"","header-above-stick-meta":"","header-main-stick-meta":"","header-below-stick-meta":"","astra-migrate-meta-layouts":"set","ast-page-background-enabled":"default","ast-page-background-meta":{"desktop":{"background-color":"var(--ast-global-color-4)","background-image":"","background-repeat":"repeat","background-position":"center center","background-size":"auto","background-attachment":"scroll","background-type":"","background-media":"","overlay-type":"","overlay-color":"","overlay-opacity":"","overlay-gradient":""},"tablet":{"background-color":"","background-image":"","background-repeat":"repeat","background-position":"center center","background-size":"auto","background-attachment":"scroll","background-type":"","background-media":"","overlay-type":"","overlay-color":"","overlay-opacity":"","overlay-gradient":""},"mobile":{"background-color":"","background-image":"","background-repeat":"repeat","background-position":"center center","background-size":"auto","background-attachment":"scroll","background-type":"","background-media":"","overlay-type":"","overlay-color":"","overlay-opacity":"","overlay-gradient":""}},"ast-content-background-meta":{"desktop":{"background-color":"var(--ast-global-color-5)","background-image":"","background-repeat":"repeat","background-position":"center center","background-size":"auto","background-attachment":"scroll","background-type":"","background-media":"","overlay-type":"","overlay-color":"","overlay-opacity":"","overlay-gradient":""},"tablet":{"background-color":"var(--ast-global-color-5)","background-image":"","background-repeat":"repeat","background-position":"center center","background-size":"auto","background-attachment":"scroll","background-type":"","background-media":"","overlay-type":"","overlay-color":"","overlay-opacity":"","overlay-gradient":""},"mobile":{"background-color":"var(--ast-global-color-5)","background-image":"","background-repeat":"repeat","background-position":"center center","background-size":"auto","background-attachment":"scroll","background-type":"","background-media":"","overlay-type":"","overlay-color":"","overlay-opacity":"","overlay-gradient":""}},"footnotes":""},"class_list":["post-3051","page","type-page","status-publish","hentry"],"acf":[],"_links":{"self":[{"href":"https:\/\/eu-staging.swapfood.com\/de\/wp-json\/wp\/v2\/pages\/3051","targetHints":{"allow":["GET"]}}],"collection":[{"href":"https:\/\/eu-staging.swapfood.com\/de\/wp-json\/wp\/v2\/pages"}],"about":[{"href":"https:\/\/eu-staging.swapfood.com\/de\/wp-json\/wp\/v2\/types\/page"}],"author":[{"embeddable":true,"href":"https:\/\/eu-staging.swapfood.com\/de\/wp-json\/wp\/v2\/users\/1"}],"replies":[{"embeddable":true,"href":"https:\/\/eu-staging.swapfood.com\/de\/wp-json\/wp\/v2\/comments?post=3051"}],"version-history":[{"count":67,"href":"https:\/\/eu-staging.swapfood.com\/de\/wp-json\/wp\/v2\/pages\/3051\/revisions"}],"predecessor-version":[{"id":5914,"href":"https:\/\/eu-staging.swapfood.com\/de\/wp-json\/wp\/v2\/pages\/3051\/revisions\/5914"}],"wp:attachment":[{"href":"https:\/\/eu-staging.swapfood.com\/de\/wp-json\/wp\/v2\/media?parent=3051"}],"curies":[{"name":"wp","href":"https:\/\/api.w.org\/{rel}","templated":true}]}}